{"id":4880,"date":"2022-01-31T09:51:30","date_gmt":"2022-01-31T09:51:30","guid":{"rendered":"https:\/\/klodzinskikancelaria.pl\/?page_id=4880"},"modified":"2025-08-19T09:49:53","modified_gmt":"2025-08-19T09:49:53","slug":"rezerwacja-online","status":"publish","type":"page","link":"https:\/\/klodzinskikancelaria.pl\/en\/online-booking\/","title":{"rendered":"ONLINE RESERVATION OF THE MEETING DATE"},"content":{"rendered":"<div data-elementor-type=\"wp-page\" data-elementor-id=\"4880\" class=\"elementor elementor-4880\" data-elementor-post-type=\"page\">\n\t\t\t\t\t\t<section class=\"elementor-section elementor-top-section elementor-element elementor-element-3adafd09 elementor-section-boxed elementor-section-height-default elementor-section-height-default\" data-id=\"3adafd09\" data-element_type=\"section\" data-settings=\"{&quot;jet_parallax_layout_list&quot;:[{&quot;jet_parallax_layout_image&quot;:{&quot;url&quot;:&quot;&quot;,&quot;id&quot;:&quot;&quot;,&quot;size&quot;:&quot;&quot;},&quot;_id&quot;:&quot;7442710&quot;,&quot;jet_parallax_layout_image_tablet&quot;:{&quot;url&quot;:&quot;&quot;,&quot;id&quot;:&quot;&quot;,&quot;size&quot;:&quot;&quot;},&quot;jet_parallax_layout_image_mobile&quot;:{&quot;url&quot;:&quot;&quot;,&quot;id&quot;:&quot;&quot;,&quot;size&quot;:&quot;&quot;},&quot;jet_parallax_layout_speed&quot;:{&quot;unit&quot;:&quot;%&quot;,&quot;size&quot;:50,&quot;sizes&quot;:[]},&quot;jet_parallax_layout_type&quot;:&quot;scroll&quot;,&quot;jet_parallax_layout_direction&quot;:null,&quot;jet_parallax_layout_fx_direction&quot;:null,&quot;jet_parallax_layout_z_index&quot;:&quot;&quot;,&quot;jet_parallax_layout_bg_x&quot;:50,&quot;jet_parallax_layout_bg_x_tablet&quot;:&quot;&quot;,&quot;jet_parallax_layout_bg_x_mobile&quot;:&quot;&quot;,&quot;jet_parallax_layout_bg_y&quot;:50,&quot;jet_parallax_layout_bg_y_tablet&quot;:&quot;&quot;,&quot;jet_parallax_layout_bg_y_mobile&quot;:&quot;&quot;,&quot;jet_parallax_layout_bg_size&quot;:&quot;auto&quot;,&quot;jet_parallax_layout_bg_size_tablet&quot;:&quot;&quot;,&quot;jet_parallax_layout_bg_size_mobile&quot;:&quot;&quot;,&quot;jet_parallax_layout_animation_prop&quot;:&quot;transform&quot;,&quot;jet_parallax_layout_on&quot;:[&quot;desktop&quot;,&quot;tablet&quot;]}]}\">\n\t\t\t\t\t\t<div class=\"elementor-container elementor-column-gap-default\">\n\t\t\t\t\t<div class=\"elementor-column elementor-col-100 elementor-top-column elementor-element elementor-element-5ef4ff26\" data-id=\"5ef4ff26\" data-element_type=\"column\" data-settings=\"{&quot;background_background&quot;:&quot;classic&quot;}\">\n\t\t\t<div class=\"elementor-widget-wrap elementor-element-populated\">\n\t\t\t\t\t\t<div class=\"elementor-element elementor-element-b94a4e7 elementor-widget elementor-widget-heading\" data-id=\"b94a4e7\" data-element_type=\"widget\" data-widget_type=\"heading.default\">\n\t\t\t\t<div class=\"elementor-widget-container\">\n\t\t\t<style>\/*! elementor - v3.23.0 - 25-07-2024 *\/\n.elementor-heading-title{padding:0;margin:0;line-height:1}.elementor-widget-heading .elementor-heading-title[class*=elementor-size-]>a{color:inherit;font-size:inherit;line-height:inherit}.elementor-widget-heading .elementor-heading-title.elementor-size-small{font-size:15px}.elementor-widget-heading .elementor-heading-title.elementor-size-medium{font-size:19px}.elementor-widget-heading .elementor-heading-title.elementor-size-large{font-size:29px}.elementor-widget-heading .elementor-heading-title.elementor-size-xl{font-size:39px}.elementor-widget-heading .elementor-heading-title.elementor-size-xxl{font-size:59px}<\/style><h1 class=\"elementor-heading-title elementor-size-default\">ONLINE BOOKING <\/h1>\t\t<\/div>\n\t\t\t\t<\/div>\n\t\t\t\t<div class=\"elementor-element elementor-element-317b681 elementor-widget elementor-widget-heading\" data-id=\"317b681\" data-element_type=\"widget\" data-widget_type=\"heading.default\">\n\t\t\t\t<div class=\"elementor-widget-container\">\n\t\t\t<h2 class=\"elementor-heading-title elementor-size-default\">INITIAL CONSULTATION WITH A LEGAL ADVISOR<\/h2>\t\t<\/div>\n\t\t\t\t<\/div>\n\t\t\t\t<div class=\"elementor-element elementor-element-7b86f00a elementor-widget elementor-widget-text-editor\" data-id=\"7b86f00a\" data-element_type=\"widget\" data-widget_type=\"text-editor.default\">\n\t\t\t\t<div class=\"elementor-widget-container\">\n\t\t\t<style>\/*! elementor - v3.23.0 - 25-07-2024 *\/\n.elementor-widget-text-editor.elementor-drop-cap-view-stacked .elementor-drop-cap{background-color:#69727d;color:#fff}.elementor-widget-text-editor.elementor-drop-cap-view-framed .elementor-drop-cap{color:#69727d;border:3px solid;background-color:transparent}.elementor-widget-text-editor:not(.elementor-drop-cap-view-default) .elementor-drop-cap{margin-top:8px}.elementor-widget-text-editor:not(.elementor-drop-cap-view-default) .elementor-drop-cap-letter{width:1em;height:1em}.elementor-widget-text-editor .elementor-drop-cap{float:left;text-align:center;line-height:1;font-size:50px}.elementor-widget-text-editor .elementor-drop-cap-letter{display:inline-block}<\/style>\t\t\t\t<p>You can conveniently book and pay for an initial consultation date below.<br>The consultation takes place at the client's choice:<\/p>\n<ul>\n<li>online (a link to the easy-to-use Google Meets video conference will be sent to the e-mail address provided on the form)<\/li>\n<li>stationary at the seat of our Law Firm in Warsaw at 45\/175 Wronia Street<\/li>\n<\/ul>\n<p>The cost according to <a href=\"https:\/\/klodzinskikancelaria.pl\/en\/price-list-individual-clients\/\">Individual Customers Pricelist<\/a> and <a href=\"https:\/\/klodzinskikancelaria.pl\/en\/price-list-business-customers\/\">Price List for Corporate Legal Services<\/a>, is fixed at \u00a3750 and the duration of the initial consultation is 1.5h. <br>The payment operator is PayU S.A. - Poland's largest provider of secure online payment services. <br>For the removal of doubt - we handle cases nationwide.<br><!-- \/wp:paragraph --><\/p>\t\t\t\t\t\t<\/div>\n\t\t\t\t<\/div>\n\t\t\t\t<div class=\"elementor-element elementor-element-97f73d1 elementor-widget elementor-widget-text-editor\" data-id=\"97f73d1\" data-element_type=\"widget\" data-widget_type=\"text-editor.default\">\n\t\t\t\t<div class=\"elementor-widget-container\">\n\t\t\t\t\t\t\t<p style=\"font-size: 16px; font-style: normal; font-weight: 400; font-family: Georgia;\"><em style=\"font-size: 16px; font-weight: 400; color: #7a7a7a;\"><span style=\"font-size: 16px; font-weight: bold;\"><script type=\"text\/javascript\">var bookero_custom_config = {};<\/script><div id=\"bookero\"><\/div><\/span><\/em><\/p>\t\t\t\t\t\t<\/div>\n\t\t\t\t<\/div>\n\t\t\t\t\t<\/div>\n\t\t<\/div>\n\t\t\t\t\t<\/div>\n\t\t<\/section>\n\t\t\t\t<\/div>","protected":false},"excerpt":{"rendered":"<p>ONLINE RESERVATION OF AN INITIAL CONSULTATION WITH A LEGAL ADVISER Below you can conveniently book and pay for an initial consultation date.The consultation takes place at the Client's choice: online (a link to an easy-to-use Google Meets videoconference will be sent to the e-mail address provided in the form) stationary in the seat of our Law Office in Warsaw at 45\/175 Wronia Street The cost of a meeting, in accordance with the Price List of the ...<\/p>\n<p class=\"read-more\"> <a class=\"\" href=\"https:\/\/klodzinskikancelaria.pl\/en\/online-booking\/\"> <span class=\"screen-reader-text\">ONLINE RESERVATION OF THE MEETING DATE<\/span> Read More \u00bb<\/a><\/p>","protected":false},"author":4,"featured_media":0,"parent":0,"menu_order":0,"comment_status":"closed","ping_status":"closed","template":"elementor_header_footer","meta":{"site-sidebar-layout":"","site-content-layout":"","ast-global-header-display":"","ast-banner-title-visibility":"","ast-main-header-display":"","ast-hfb-above-header-display":"","ast-hfb-below-header-display":"","ast-hfb-mobile-header-display":"","site-post-title":"","ast-breadcrumbs-content":"","ast-featured-img":"","footer-sml-layout":"","theme-transparent-header-meta":"","adv-header-id-meta":"","stick-header-meta":"","header-above-stick-meta":"","header-main-stick-meta":"","header-below-stick-meta":"","footnotes":""},"class_list":["post-4880","page","type-page","status-publish","hentry"],"yoast_head":"<!-- This site is optimized with the Yoast SEO Premium plugin v20.10 (Yoast SEO v23.1) - https:\/\/yoast.com\/wordpress\/plugins\/seo\/ -->\n<title>REZERWACJA ONLINE TERMINU SPOTKANIA | Kancelaria Prawna<\/title>\n<meta name=\"description\" content=\"Tutaj mo\u017cesz zarezerwowa\u0107 online termin konsultacji wst\u0119pnej w siedzibie naszej Kancelarii Prawnej w Warszawie. Profesjonalna obs\u0142uga prawna.\" \/>\n<meta name=\"robots\" content=\"index, follow, max-snippet:-1, max-image-preview:large, max-video-preview:-1\" \/>\n<link rel=\"canonical\" href=\"https:\/\/klodzinskikancelaria.pl\/en\/online-booking\/\" \/>\n<meta property=\"og:locale\" content=\"en_GB\" \/>\n<meta property=\"og:type\" content=\"article\" \/>\n<meta property=\"og:title\" content=\"REZERWACJA ONLINE TERMINU SPOTKANIA\" \/>\n<meta property=\"og:description\" content=\"Tutaj mo\u017cesz zarezerwowa\u0107 online termin konsultacji wst\u0119pnej w siedzibie naszej Kancelarii Prawnej w Warszawie. Profesjonalna obs\u0142uga prawna.\" \/>\n<meta property=\"og:url\" content=\"https:\/\/klodzinskikancelaria.pl\/en\/online-booking\/\" \/>\n<meta property=\"og:site_name\" content=\"K\u0142odzi\u0144ski Kancelaria\" \/>\n<meta property=\"article:publisher\" content=\"https:\/\/www.facebook.com\/profile.php?id=100063452360012\" \/>\n<meta property=\"article:modified_time\" content=\"2025-08-19T09:49:53+00:00\" \/>\n<meta name=\"twitter:card\" content=\"summary_large_image\" \/>\n<meta name=\"twitter:site\" content=\"@KlodzinskiPiotr\" \/>\n<meta name=\"twitter:label1\" content=\"Estimated reading time\" \/>\n\t<meta name=\"twitter:data1\" content=\"1 minute\" \/>\n<script type=\"application\/ld+json\" class=\"yoast-schema-graph\">{\"@context\":\"https:\/\/schema.org\",\"@graph\":[{\"@type\":\"WebPage\",\"@id\":\"https:\/\/klodzinskikancelaria.pl\/rezerwacja-online\/\",\"url\":\"https:\/\/klodzinskikancelaria.pl\/rezerwacja-online\/\",\"name\":\"REZERWACJA ONLINE TERMINU SPOTKANIA | Kancelaria Prawna\",\"isPartOf\":{\"@id\":\"https:\/\/klodzinskikancelaria.pl\/#website\"},\"datePublished\":\"2022-01-31T09:51:30+00:00\",\"dateModified\":\"2025-08-19T09:49:53+00:00\",\"description\":\"Tutaj mo\u017cesz zarezerwowa\u0107 online termin konsultacji wst\u0119pnej w siedzibie naszej Kancelarii Prawnej w Warszawie. Profesjonalna obs\u0142uga prawna.\",\"inLanguage\":\"en-GB\",\"potentialAction\":[{\"@type\":\"ReadAction\",\"target\":[\"https:\/\/klodzinskikancelaria.pl\/rezerwacja-online\/\"]}]},{\"@type\":\"WebSite\",\"@id\":\"https:\/\/klodzinskikancelaria.pl\/#website\",\"url\":\"https:\/\/klodzinskikancelaria.pl\/\",\"name\":\"K\u0142odzi\u0144ski Kancelaria\",\"description\":\"Kancelaria Radcy Prawnego z Warszawy\",\"publisher\":{\"@id\":\"https:\/\/klodzinskikancelaria.pl\/#organization\"},\"potentialAction\":[{\"@type\":\"SearchAction\",\"target\":{\"@type\":\"EntryPoint\",\"urlTemplate\":\"https:\/\/klodzinskikancelaria.pl\/?s={search_term_string}\"},\"query-input\":\"required name=search_term_string\"}],\"inLanguage\":\"en-GB\"},{\"@type\":\"Organization\",\"@id\":\"https:\/\/klodzinskikancelaria.pl\/#organization\",\"name\":\"Kancelaria Radcy Prawnego - Piotra K\u0142odzi\u0144skiego\",\"url\":\"https:\/\/klodzinskikancelaria.pl\/\",\"logo\":{\"@type\":\"ImageObject\",\"inLanguage\":\"en-GB\",\"@id\":\"https:\/\/klodzinskikancelaria.pl\/#\/schema\/logo\/image\/\",\"url\":\"https:\/\/klodzinskikancelaria.pl\/wp-content\/uploads\/2020\/04\/klodzinski-kancelaria-logo.png\",\"contentUrl\":\"https:\/\/klodzinskikancelaria.pl\/wp-content\/uploads\/2020\/04\/klodzinski-kancelaria-logo.png\",\"width\":200,\"height\":58,\"caption\":\"Kancelaria Radcy Prawnego - Piotra K\u0142odzi\u0144skiego\"},\"image\":{\"@id\":\"https:\/\/klodzinskikancelaria.pl\/#\/schema\/logo\/image\/\"},\"sameAs\":[\"https:\/\/www.facebook.com\/profile.php?id=100063452360012\",\"https:\/\/x.com\/KlodzinskiPiotr\"]}]}<\/script>\n<!-- \/ Yoast SEO Premium plugin. -->","yoast_head_json":{"title":"REZERWACJA ONLINE TERMINU SPOTKANIA | Kancelaria Prawna","description":"Tutaj mo\u017cesz zarezerwowa\u0107 online termin konsultacji wst\u0119pnej w siedzibie naszej Kancelarii Prawnej w Warszawie. Profesjonalna obs\u0142uga prawna.","robots":{"index":"index","follow":"follow","max-snippet":"max-snippet:-1","max-image-preview":"max-image-preview:large","max-video-preview":"max-video-preview:-1"},"canonical":"https:\/\/klodzinskikancelaria.pl\/en\/online-booking\/","og_locale":"en_GB","og_type":"article","og_title":"REZERWACJA ONLINE TERMINU SPOTKANIA","og_description":"Tutaj mo\u017cesz zarezerwowa\u0107 online termin konsultacji wst\u0119pnej w siedzibie naszej Kancelarii Prawnej w Warszawie. Profesjonalna obs\u0142uga prawna.","og_url":"https:\/\/klodzinskikancelaria.pl\/en\/online-booking\/","og_site_name":"K\u0142odzi\u0144ski Kancelaria","article_publisher":"https:\/\/www.facebook.com\/profile.php?id=100063452360012","article_modified_time":"2025-08-19T09:49:53+00:00","twitter_card":"summary_large_image","twitter_site":"@KlodzinskiPiotr","twitter_misc":{"Estimated reading time":"1 minute"},"schema":{"@context":"https:\/\/schema.org","@graph":[{"@type":"WebPage","@id":"https:\/\/klodzinskikancelaria.pl\/rezerwacja-online\/","url":"https:\/\/klodzinskikancelaria.pl\/rezerwacja-online\/","name":"REZERWACJA ONLINE TERMINU SPOTKANIA | Kancelaria Prawna","isPartOf":{"@id":"https:\/\/klodzinskikancelaria.pl\/#website"},"datePublished":"2022-01-31T09:51:30+00:00","dateModified":"2025-08-19T09:49:53+00:00","description":"Tutaj mo\u017cesz zarezerwowa\u0107 online termin konsultacji wst\u0119pnej w siedzibie naszej Kancelarii Prawnej w Warszawie. Profesjonalna obs\u0142uga prawna.","inLanguage":"en-GB","potentialAction":[{"@type":"ReadAction","target":["https:\/\/klodzinskikancelaria.pl\/rezerwacja-online\/"]}]},{"@type":"WebSite","@id":"https:\/\/klodzinskikancelaria.pl\/#website","url":"https:\/\/klodzinskikancelaria.pl\/","name":"K\u0142odzi\u0144ski Kancelaria","description":"Kancelaria Radcy Prawnego z Warszawy","publisher":{"@id":"https:\/\/klodzinskikancelaria.pl\/#organization"},"potentialAction":[{"@type":"SearchAction","target":{"@type":"EntryPoint","urlTemplate":"https:\/\/klodzinskikancelaria.pl\/?s={search_term_string}"},"query-input":"required name=search_term_string"}],"inLanguage":"en-GB"},{"@type":"Organization","@id":"https:\/\/klodzinskikancelaria.pl\/#organization","name":"Kancelaria Radcy Prawnego - Piotra K\u0142odzi\u0144skiego","url":"https:\/\/klodzinskikancelaria.pl\/","logo":{"@type":"ImageObject","inLanguage":"en-GB","@id":"https:\/\/klodzinskikancelaria.pl\/#\/schema\/logo\/image\/","url":"https:\/\/klodzinskikancelaria.pl\/wp-content\/uploads\/2020\/04\/klodzinski-kancelaria-logo.png","contentUrl":"https:\/\/klodzinskikancelaria.pl\/wp-content\/uploads\/2020\/04\/klodzinski-kancelaria-logo.png","width":200,"height":58,"caption":"Kancelaria Radcy Prawnego - Piotra K\u0142odzi\u0144skiego"},"image":{"@id":"https:\/\/klodzinskikancelaria.pl\/#\/schema\/logo\/image\/"},"sameAs":["https:\/\/www.facebook.com\/profile.php?id=100063452360012","https:\/\/x.com\/KlodzinskiPiotr"]}]}},"_links":{"self":[{"href":"https:\/\/klodzinskikancelaria.pl\/en\/wp-json\/wp\/v2\/pages\/4880"}],"collection":[{"href":"https:\/\/klodzinskikancelaria.pl\/en\/wp-json\/wp\/v2\/pages"}],"about":[{"href":"https:\/\/klodzinskikancelaria.pl\/en\/wp-json\/wp\/v2\/types\/page"}],"author":[{"embeddable":true,"href":"https:\/\/klodzinskikancelaria.pl\/en\/wp-json\/wp\/v2\/users\/4"}],"replies":[{"embeddable":true,"href":"https:\/\/klodzinskikancelaria.pl\/en\/wp-json\/wp\/v2\/comments?post=4880"}],"version-history":[{"count":0,"href":"https:\/\/klodzinskikancelaria.pl\/en\/wp-json\/wp\/v2\/pages\/4880\/revisions"}],"wp:attachment":[{"href":"https:\/\/klodzinskikancelaria.pl\/en\/wp-json\/wp\/v2\/media?parent=4880"}],"curies":[{"name":"wp","href":"https:\/\/api.w.org\/{rel}","templated":true}]}}